{"id":769,"date":"2020-10-07T15:06:45","date_gmt":"2020-10-07T15:06:45","guid":{"rendered":"https:\/\/donnamia-zweibruecken.de\/?page_id=769"},"modified":"2024-02-09T08:07:45","modified_gmt":"2024-02-09T08:07:45","slug":"feiern","status":"publish","type":"page","link":"https:\/\/donnamia-zweibruecken.de\/index.php\/feiern\/","title":{"rendered":"Feiern"},"content":{"rendered":"<section class=\"wpb-content-wrapper\">[vc_row][vc_column]<div class=\"sec-title   mb-5 pb-5\" style=\"\"><div class=\"col text-center\"><span class=\"label-title mb-3\" style=\"\">Feiern<\/span><h1 class=\"h2 font-alt\" style=\"\">Feiern im Donna Mia<\/h1><\/div><\/div>[vc_separator][vc_masonry_media_grid style=&#8221;lazy&#8221; items_per_page=&#8221;3&#8243; item=&#8221;mediaGrid_Default&#8221; grid_id=&#8221;vc_gid:1707466036931-84124b3e-594d-8&#8243; include=&#8221;1081,1083,1082&#8243;]<div class=\"sec-text \"><div class=\"text float-center\" style=\"padding:50px 50px 50px 50px;\">Du planst ein Event, deine Geburtstagsfeier, eine Firmenveranstaltung oder Hochzeit?<\/p>\n<p>Gerne unterst\u00fctzen wir dich bei den Planungen rund ums Essen, Trinken und Feiern. Bei sommerlichen Temperaturen selbstverst\u00e4ndlich auch gerne auf unserer Terrasse mit Blick \u00fcber die Center Plaza. Schaue gerne auch in unsere Bankettmappe rein und lass dich inspirieren.<\/p>\n<p>Reserviere rechtzeitig deinen Lieblingstermin. Wir freuen uns auf deine Reservierung unter Telefon <a href=\"tel:+4963324790080\">+49 (0) 6332-479 00 80<\/a> oder per E-Mail an <a href=\"mailto:info@donnamia-zweibruecken.de\">info@donnamia-zweibruecken.de<\/a>.<\/div><\/div>[\/vc_column][\/vc_row][vc_row][vc_column]<div class=\"sec-button  float-center\" style=\"\"><a class=\"btn btn-dark btn-primary btn-wide\" href=\"\" style=\"color:#ffffff;background-color:#842f1a;\" >Zur Bankettmappe<\/a><\/div><div class=\"sec-divider \"><div class=\"dividerOT mt-3 pt-3 mb-3 pb-3\" style=\"padding:50px;\"><hr class=\"my-0\"><\/div><\/div>[\/vc_column][\/vc_row][vc_row][vc_column][vc_media_grid grid_id=&#8221;vc_gid:1707466036932-5d120376-656c-6&#8243; include=&#8221;768,767,602&#8243;][\/vc_column][\/vc_row]\n<\/section>","protected":false},"excerpt":{"rendered":"<p>[vc_row][vc_column][vc_separator][vc_masonry_media_grid style=&#8221;lazy&#8221; items_per_page=&#8221;3&#8243; item=&#8221;mediaGrid_Default&#8221; grid_id=&#8221;vc_gid:1707466036931-84124b3e-594d-8&#8243; include=&#8221;1081,1083,1082&#8243;][\/vc_column][\/vc_row][vc_row][vc_column][\/vc_column][\/vc_row][vc_row][vc_column][vc_media_grid grid_id=&#8221;vc_gid:1707466036932-5d120376-656c-6&#8243; include=&#8221;768,767,602&#8243;][\/vc_column][\/vc_row]<\/p>\n","protected":false},"author":4,"featured_media":766,"parent":0,"menu_order":0,"comment_status":"closed","ping_status":"closed","template":"","meta":{"footnotes":"","_links_to":"","_links_to_target":""},"_links":{"self":[{"href":"https:\/\/donnamia-zweibruecken.de\/index.php\/wp-json\/wp\/v2\/pages\/769"}],"collection":[{"href":"https:\/\/donnamia-zweibruecken.de\/index.php\/wp-json\/wp\/v2\/pages"}],"about":[{"href":"https:\/\/donnamia-zweibruecken.de\/index.php\/wp-json\/wp\/v2\/types\/page"}],"author":[{"embeddable":true,"href":"https:\/\/donnamia-zweibruecken.de\/index.php\/wp-json\/wp\/v2\/users\/4"}],"replies":[{"embeddable":true,"href":"https:\/\/donnamia-zweibruecken.de\/index.php\/wp-json\/wp\/v2\/comments?post=769"}],"version-history":[{"count":23,"href":"https:\/\/donnamia-zweibruecken.de\/index.php\/wp-json\/wp\/v2\/pages\/769\/revisions"}],"predecessor-version":[{"id":1089,"href":"https:\/\/donnamia-zweibruecken.de\/index.php\/wp-json\/wp\/v2\/pages\/769\/revisions\/1089"}],"wp:featuredmedia":[{"embeddable":true,"href":"https:\/\/donnamia-zweibruecken.de\/index.php\/wp-json\/wp\/v2\/media\/766"}],"wp:attachment":[{"href":"https:\/\/donnamia-zweibruecken.de\/index.php\/wp-json\/wp\/v2\/media?parent=769"}],"curies":[{"name":"wp","href":"https:\/\/api.w.org\/{rel}","templated":true}]}}