{"id":509,"date":"2020-05-22T13:25:04","date_gmt":"2020-05-22T11:25:04","guid":{"rendered":"https:\/\/hotelwebbee.de\/donnamia\/?page_id=509"},"modified":"2022-11-30T10:21:30","modified_gmt":"2022-11-30T10:21:30","slug":"impressum","status":"publish","type":"page","link":"https:\/\/donnamia-zweibruecken.de\/index.php\/impressum\/","title":{"rendered":"Impressum"},"content":{"rendered":"<h3>Angaben gem\u00e4\u00df \u00a7 5 TMG:<\/h3>\n<p>ZETT Zweibr\u00fccken GmbH<br \/>\nFasanerie 1<br \/>\n66482 Zweibr\u00fccken<\/p>\n<h3>Vertreten durch:<\/h3>\n<p>Roland Zadra<\/p>\n<h3>Kontakt:<\/h3>\n<p>Telefon: 06332 48 11 37<\/p>\n<p>E-Mail: <a href=\"mailto:info@zadra-gruppe.de\">info@zadra-gruppe.de<\/a><\/p>\n<h3>Umsatzsteuer:<\/h3>\n<p>Umsatzsteuer-Identifikationsnummer gem\u00e4\u00df \u00a727 a Umsatzsteuergesetz:<br \/>\nSteuernummer: 35\/657\/03278<br \/>\nUSt. ID-Nummer: DE 291173919<\/p>\n<h3>Aufsichtsbeh\u00f6rde:<\/h3>\n<p>Kreisverwaltung S\u00fcdwestpfalz<br \/>\nAbteilung Veterin\u00e4rwesen und Landwirtschaft<br \/>\nUnterer Sommerwaldweg 40-42<br \/>\n66953 Pirmasens<\/p>\n<p><a href=\"https:\/\/www.lksuedwestpfalz.de\/\" target=\"_blank\" rel=\"noopener noreferrer\">https:\/\/www.lksuedwestpfalz.de\/<\/a><\/p>\n<h3>Registereintrag:<\/h3>\n<p>Eintragung im Handelsregister.<br \/>\nHRB 131089, Amtsgericht Zweibr\u00fccken<\/p>\n<h3>Verantwortlich f\u00fcr den Inhalt nach \u00a7 55 Abs. 2 RStV:<\/h3>\n<p>ZETT Zweibr\u00fccken GmbH<br \/>\nRoland Zadra<br \/>\nFasanerie 1<br \/>\n66482 Zweibr\u00fccken<br \/>\n<a href=\"mailto:info@zadra-gruppe.de\">info@zadra-gruppe.de<\/a><\/p>\n<h3>Streitschlichtung<\/h3>\n<p>Die Europ\u00e4ische Kommission stellt eine Plattform zur Online-Streitbeilegung (OS) bereit: <a href=\"\/\/ec.europa.eu\/consumers\/odr\" target=\"_blank\" rel=\"noopener noreferrer\">httpss:\/\/ec.europa.eu\/consumers\/odr<\/a>.<br \/>\nUnsere E-Mail-Adresse finden Sie oben im Impressum.<\/p>\n<p>Wir sind nicht bereit oder verpflichtet, an Streitbeilegungsverfahren vor einer Verbraucherschlichtungsstelle teilzunehmen.<\/p>\n","protected":false},"excerpt":{"rendered":"<p>Angaben gem\u00e4\u00df \u00a7 5 TMG: ZETT Zweibr\u00fccken GmbH Fasanerie 1 66482 Zweibr\u00fccken Vertreten durch: Roland Zadra Kontakt: Telefon: 06332 48 11 37 E-Mail: info@zadra-gruppe.de Umsatzsteuer: Umsatzsteuer-Identifikationsnummer gem\u00e4\u00df \u00a727 a Umsatzsteuergesetz: Steuernummer: 35\/657\/03278 USt. ID-Nummer: DE 291173919 Aufsichtsbeh\u00f6rde: Kreisverwaltung S\u00fcdwestpfalz Abteilung Veterin\u00e4rwesen und Landwirtschaft Unterer Sommerwaldweg 40-42 66953 Pirmasens https:\/\/www.lksuedwestpfalz.de\/ Registereintrag: Eintragung im Handelsregister. HRB 131089, [&hellip;]<\/p>\n","protected":false},"author":3,"featured_media":0,"parent":0,"menu_order":0,"comment_status":"closed","ping_status":"closed","template":"","meta":{"footnotes":"","_links_to":"","_links_to_target":""},"_links":{"self":[{"href":"https:\/\/donnamia-zweibruecken.de\/index.php\/wp-json\/wp\/v2\/pages\/509"}],"collection":[{"href":"https:\/\/donnamia-zweibruecken.de\/index.php\/wp-json\/wp\/v2\/pages"}],"about":[{"href":"https:\/\/donnamia-zweibruecken.de\/index.php\/wp-json\/wp\/v2\/types\/page"}],"author":[{"embeddable":true,"href":"https:\/\/donnamia-zweibruecken.de\/index.php\/wp-json\/wp\/v2\/users\/3"}],"replies":[{"embeddable":true,"href":"https:\/\/donnamia-zweibruecken.de\/index.php\/wp-json\/wp\/v2\/comments?post=509"}],"version-history":[{"count":4,"href":"https:\/\/donnamia-zweibruecken.de\/index.php\/wp-json\/wp\/v2\/pages\/509\/revisions"}],"predecessor-version":[{"id":1045,"href":"https:\/\/donnamia-zweibruecken.de\/index.php\/wp-json\/wp\/v2\/pages\/509\/revisions\/1045"}],"wp:attachment":[{"href":"https:\/\/donnamia-zweibruecken.de\/index.php\/wp-json\/wp\/v2\/media?parent=509"}],"curies":[{"name":"wp","href":"https:\/\/api.w.org\/{rel}","templated":true}]}}