{"id":453,"date":"2020-05-20T15:20:55","date_gmt":"2020-05-20T13:20:55","guid":{"rendered":"https:\/\/hotelwebbee.de\/donnamia\/?page_id=453"},"modified":"2025-06-16T08:20:16","modified_gmt":"2025-06-16T08:20:16","slug":"speisekarte","status":"publish","type":"page","link":"https:\/\/donnamia-zweibruecken.de\/index.php\/speisekarte\/","title":{"rendered":"Speisekarte"},"content":{"rendered":"<section class=\"wpb-content-wrapper\">[vc_row][vc_column]<div class=\"sec-title   mb-5 pb-5\" style=\"\"><div class=\"col text-center\"><span class=\"label-title mb-3\" style=\"\">Speisekarte<\/span><h1 class=\"h2 font-alt\" style=\"\">Mediterrane Spezialit\u00e4ten mit viel Individualit\u00e4t<\/h1><\/div><\/div><div class=\"sec-divider \"><div class=\"dividerOT mt-3 pt-3 mb-3 pb-3\" style=\"padding:50px;\"><hr class=\"my-0\"><\/div><\/div><div class=\"sec-text \"><div class=\"text float-center\" style=\"padding:50px 50px 50px 50px;\">Das Donna Mia in Zweibr\u00fccken ist erst dann zufrieden, wenn es die G\u00e4ste auch sind. Auf der Speisekarte findest du selbstverst\u00e4ndlich alles, was die original italienische K\u00fcche zu bieten hat; angefangen von herrlichen Antipasti \u00fcber jede Art von Pizza und Pasta bis hin zu Salaten, geschmacklich abgerundeten Fleisch- oder Fischgerichten sowie Dolci. Alles fein abgeschmeckt, frisch zubereitet und herrlich angerichtet sind die Besucher zu Recht begeistert \u00fcber das Essen in unserem Donna Mia. Wirf einen Blick auf unsere aktuelle Speisekarte &#8211; Fragen zu Allergenen und Unvertr\u00e4glichkeiten beantworten wir gerne telefonisch oder direkt im Restaurant.<\/div><\/div><div class=\"sec-text \"><div class=\"text float-center\" style=\"padding:50px 50px 50px 50px;\"><\/div><\/div><div class=\"sec-divider \"><div class=\"dividerOT mt-3 pt-3 mb-3 pb-3\" style=\"padding:50px 50px 50px 50px;\"><\/div><\/div>[vc_empty_space height=&#8221;64px&#8221;]<div class=\"sec-text \"><div class=\"text float-center\" style=\"padding:50px 50px 50px 50px;\">\n<h4><strong>Suppen<\/strong><\/h4>\n<p>Zuppa di Pomodoro<br \/>\nFruchtige, italienische Tomatensuppe Basilikum-Sahne und 1 St\u00fcck Brot<\/p>\n<p><strong>9,50<\/strong><\/p>\n<p>Zuppa di Carote e Cocco<br \/>\nHausgemachte Karotten-Kokos-Suppe mit Cr\u00f4utons und 1 St\u00fcck Brot<\/p>\n<p><strong>9,50<\/strong><\/p>\n<p>&nbsp;<\/p>\n<h4><strong>Pane Classico<\/strong><\/h4>\n<p>2 St\u00fcck Focacciabrot<\/p>\n<p><strong> 2,50<\/strong><\/p>\n<p>Pane Classico<br \/>\n5 St\u00fcck Focaccia Brot mit Rosmarin, dazu Dip nach Wahl<\/p>\n<p><strong>6,50<\/strong><\/p>\n<p>&nbsp;<\/p>\n<h4><strong>Salat<\/strong><\/h4>\n<p>Insalata Mista Grande<br \/>\nGartenfrische Saisonsalate mit Rucola, dazu frisches Focaccia-Brot<\/p>\n<p><strong>15,50<\/strong><\/p>\n<p>&nbsp;<\/p>\n<h5><strong>Salat Toppings<\/strong><\/h5>\n<p>+ Pollo Arrosto<br \/>\nGebratene H\u00e4hnchenbruststreifen, frische Kr\u00e4uter-<br \/>\nMischung (Gremolata) dazu Curry-Koriander-Dip<\/p>\n<p><strong>7,50<\/strong><\/p>\n<p>+ Tonno e Cattura<br \/>\nThunfisch in \u00d6l, rote Zwiebeln, Kapern und Aioli-Dip<\/p>\n<p><strong>7,50<\/strong><\/p>\n<p>+ 6 Garnelen<\/p>\n<p><strong>7,90<\/strong><\/p>\n<p>+ Lachsschnitte<\/p>\n<p><strong>14,40<\/strong><\/p>\n<p>+ Rumpsteak mit Kr\u00e4uterbutter<\/p>\n<p><strong>14,40<\/strong><\/div><\/div><div class=\"sec-text \"><div class=\"text float-center\" style=\"padding:50px 50px 50px 50px;\">\n<h4><strong>Pasta Fritti<\/strong><\/h4>\n<p>Unsere warmen Antipasti exklusiv f\u00fcr Sie nur im Donna Mia:<br \/>\nWarme, frittierte Nudeltaschen<br \/>\nmit raffinierten vegetarischen F\u00fcllungen.<\/p>\n<p>&nbsp;<\/p>\n<p>Pasta Fritti &#8211; Piccolo<br \/>\n15 St\u00fcck<br \/>\nJeweils 3 von jeder Sorte + 2 Dips nach Wahl<\/p>\n<p><strong>12,90<\/strong><\/p>\n<p>Pasta Fritti &#8211; Grande<br \/>\n25 St\u00fcck<br \/>\nJeweils 5 von jeder Sorte + 2 Dips nach Wahl<\/p>\n<p><strong>20,90<\/strong><\/p>\n<p>&nbsp;<\/p>\n<h5>Sorten<\/h5>\n<p>Funghi Champignons, gebratene Portobellopilze<\/p>\n<p>Peperonata Paprika, Tomaten<\/p>\n<p>Pomodori e Olive Tomaten, Oliven<\/p>\n<p>Triangolo Spinaci Blattspinat, Cr\u00e8me fraiche<\/p>\n<p>Ragu di Melanzane feinw\u00fcrziges Ragut<\/div><\/div><div class=\"sec-text \"><div class=\"text float-center\" style=\"padding:50px 50px 50px 50px;\">\n<h4><strong>Pizza<\/strong><\/h4>\n<p>Margherita<br \/>\nPizzasugo, Mozzarella und Oregano<br \/>\n<strong>13,90<\/strong><br \/>\nSalame Milano<br \/>\nPizzasugo, Mozzarella und Salami<br \/>\n<strong>15,90<\/strong><br \/>\nQuattro Stagioni<br \/>\nPizzasugo, Mozzarella, gekochter Hinterschinken, Salami,<br \/>\nfrische Champignons und gekochtes Ei<br \/>\n<strong>17,40<\/strong><br \/>\nTonno<br \/>\nPizzasugo, Mozzarella, Thunfisch und rote Zwiebeln<br \/>\n<strong>17,90<\/strong><br \/>\nDiavolo<br \/>\nPizzasugo, Mozzarella, pikante italienische Salami, Jalape\u00f1os<br \/>\nund rote Zwiebeln<br \/>\n<strong>17,40<\/strong><br \/>\nMediterranea<br \/>\nPizzasugo, Mozzarella, Feta, Paprika, schwarze Oliven,<br \/>\nTomaten, rote Zwiebeln, Oregano<br \/>\n<strong>18,40<\/strong><\/p>\n<\/div><\/div><div class=\"sec-text \"><div class=\"text float-center\" style=\"padding:50px 50px 50px 50px;\">\n<h4><strong>Pizza Bianca<\/strong><\/h4>\n<p>Pizza Bianca Margherita<br \/>\nSugo Bianco, Mozzarella und Oregano<br \/>\n<strong>14,90<\/strong><br \/>\nPizza Bianca Funghi<br \/>\nSugo Bianco, Mozzarella, frische Champignons<br \/>\n<strong>16,40<\/strong><br \/>\nPizza Bianca Els\u00e4sser Art<br \/>\nSugo Bianco, Mozzarella, Speck, rote Zwiebeln und frischer<br \/>\nFr\u00fchlingslauch<br \/>\n<strong>17,40<\/strong><br \/>\nPizza Bianca Cesare<br \/>\nSugo Bianco, Mozzarella, saftige H\u00e4hnchenbruststreifen,<br \/>\nfruchtige Kirschtomaten, frischer Romana-Salat mit Caesar-<br \/>\nDressing, gehobelter Grana Padano und Pesto Genovese<br \/>\n<strong>19,90<\/strong><\/div><\/div><div class=\"sec-text \"><div class=\"text float-center\" style=\"padding:50px 50px 50px 50px;\">\n<h4><strong>Pasta<\/strong><\/h4>\n<p>Rigatoni Arrabiata<br \/>\nTomatensugo, Knoblauch\u00f6l, frisches Chili und gehobelter Grana Padano<br \/>\n<strong>14,90<\/strong><br \/>\nSpaghetti Aglio e Olio<br \/>\nChili\u00f6l, Knoblauch, fruchtige Kirschtomaten, frischer Fr\u00fchlingslauch,<br \/>\nBlattpetersilie und gehobelter Grana Padano<br \/>\n<strong>14,90<\/strong><br \/>\n+ gebratene H\u00e4hnchenstreifen <strong>5,90<\/strong><\/p>\n<p>+ 6 gebratene Garnelen <strong>7,90<\/strong><\/p>\n<p>Spaghetti Carbonara<br \/>\nGebratener Speck, Zwiebeln, Ei, Sahnesauce, schwarzer<br \/>\nPfeffer und frisch gehobelter Grana Padano<br \/>\n<strong>16,40<\/strong><br \/>\nSpaghetti Bolognese<br \/>\n100 % Rindfleisch \/ boeuf \/ beef<br \/>\nFeines Hackfleischsugo \u201eBolognese Art\u201c, gehobelter<br \/>\nGrana Padano und frische Kr\u00e4uter<br \/>\n<strong>16,40<\/strong><br \/>\nRucola Fresca<br \/>\nPesto Genovese, ger\u00f6stete Cashewkerne, frischer Rucola<br \/>\nund gehobelter Grana Padano<br \/>\n<strong>16,90<\/strong><br \/>\nRigatoni Pollo Rosso<br \/>\ngebratene H\u00e4hnchenbruststreifen, Fr\u00fchlingslauch, fruchtige<br \/>\nKirschtomaten, Salsa di Panna mit Tomaten-Pesto, dazu<br \/>\ngehobelter Grana Padano<\/p>\n<p><strong>19,90<\/strong><\/div><\/div><div class=\"sec-text \"><div class=\"text float-center\" style=\"padding:50px 50px 50px 50px;\">\n<h4><strong>Carne<\/strong><\/h4>\n<p>Scaloppina Milanese<br \/>\nPaniertes Schweineschnitzel \u201eWiener Art\u201c,<br \/>\ndazu Pommes frites<br \/>\n<strong>18,90<\/strong><br \/>\nScaloppina Milanese con Salsa di Funghi<br \/>\nPaniertes Schweineschnitzel \u201eWiener Art&#8221;<\/p>\n<p><strong>19,90<\/strong><\/p>\n<p>&nbsp;<\/p>\n<h4><strong>Vom Grill<\/strong><\/h4>\n<h5>MAIALE<\/h5>\n<p>Filetto di Maiale Funghi<br \/>\nMedaillons vom Schweinefilet, Tagliatelle mit Pilzrahmsauce und frischem Schnittlauch<br \/>\n<strong>26,90<\/strong><\/p>\n<h5>MANZO<\/h5>\n<p>Bistecca di Manzo<br \/>\nRinderr\u00fccken vom Grill (250g), hausgemachte Kr\u00e4uterbutter, dazu Pommes frites<br \/>\n<strong>29,90<\/strong><\/p>\n<h5>PESCE<\/h5>\n<p>Salmone Grigliato<br \/>\nLachssteak vom Grill, Tagliatelle und frischer Babyspinat in Hummersauce<\/p>\n<p><strong>29,90<\/strong><\/p>\n<h5>POLLO<\/h5>\n<p>Petto di Pollo Funghi<br \/>\nH\u00e4hnchenbrust vom Grill, Pilzrahmsauce, dazu Pommes frites<br \/>\n<strong>22,90<\/strong><br \/>\nPetto di Pollo Grigliato H\u00e4hnchenbrust vom Grill, Spaghetti und frischer Babyspinat<br \/>\nin Salsa di Panna<\/p>\n<p>24,90<\/div><\/div><div class=\"sec-text \"><div class=\"text float-center\" style=\"padding:50px 50px 50px 50px;\">\n<h4><strong>Desserts \/Dolce e Gelato<\/strong><\/h4>\n<p>Panna Cotta<br \/>\nHausgemacht, mit Erdbeersauce<br \/>\n<strong>4,90<\/strong><br \/>\nTiramisu<br \/>\nHausgemacht, mit Kakaopulver<br \/>\n<strong>4,90<\/strong><br \/>\nSalty-Caramel-Eis<br \/>\nSalziges Karamelleis, mit Erdn\u00fcssen<br \/>\n<strong>4,90<\/strong><br \/>\nStracciatella-Eis<br \/>\nMit Schokost\u00fcckchen<br \/>\n<strong>4,90<\/strong><br \/>\nHaselnuss-Krokant-Eis<br \/>\nMit Giotto<br \/>\n<strong>4,90<\/strong><\/p>\n<\/div><\/div>[vc_empty_space height=&#8221;64px&#8221;][\/vc_column][\/vc_row][vc_row][vc_column][\/vc_column][\/vc_row]\n<\/section>","protected":false},"excerpt":{"rendered":"<p>[vc_row][vc_column][vc_empty_space height=&#8221;64px&#8221;][vc_empty_space height=&#8221;64px&#8221;][\/vc_column][\/vc_row][vc_row][vc_column][\/vc_column][\/vc_row]<\/p>\n","protected":false},"author":3,"featured_media":614,"parent":0,"menu_order":0,"comment_status":"closed","ping_status":"closed","template":"","meta":{"footnotes":"","_links_to":"","_links_to_target":""},"_links":{"self":[{"href":"https:\/\/donnamia-zweibruecken.de\/index.php\/wp-json\/wp\/v2\/pages\/453"}],"collection":[{"href":"https:\/\/donnamia-zweibruecken.de\/index.php\/wp-json\/wp\/v2\/pages"}],"about":[{"href":"https:\/\/donnamia-zweibruecken.de\/index.php\/wp-json\/wp\/v2\/types\/page"}],"author":[{"embeddable":true,"href":"https:\/\/donnamia-zweibruecken.de\/index.php\/wp-json\/wp\/v2\/users\/3"}],"replies":[{"embeddable":true,"href":"https:\/\/donnamia-zweibruecken.de\/index.php\/wp-json\/wp\/v2\/comments?post=453"}],"version-history":[{"count":36,"href":"https:\/\/donnamia-zweibruecken.de\/index.php\/wp-json\/wp\/v2\/pages\/453\/revisions"}],"predecessor-version":[{"id":1112,"href":"https:\/\/donnamia-zweibruecken.de\/index.php\/wp-json\/wp\/v2\/pages\/453\/revisions\/1112"}],"wp:featuredmedia":[{"embeddable":true,"href":"https:\/\/donnamia-zweibruecken.de\/index.php\/wp-json\/wp\/v2\/media\/614"}],"wp:attachment":[{"href":"https:\/\/donnamia-zweibruecken.de\/index.php\/wp-json\/wp\/v2\/media?parent=453"}],"curies":[{"name":"wp","href":"https:\/\/api.w.org\/{rel}","templated":true}]}}