{"id":1114,"date":"2025-06-18T09:16:06","date_gmt":"2025-06-18T09:16:06","guid":{"rendered":"https:\/\/donnamia-zweibruecken.de\/?page_id=1114"},"modified":"2025-06-27T12:58:02","modified_gmt":"2025-06-27T12:58:02","slug":"barrierefreiheit","status":"publish","type":"page","link":"https:\/\/donnamia-zweibruecken.de\/index.php\/barrierefreiheit\/","title":{"rendered":"Barrierefreiheit"},"content":{"rendered":"\n<p><strong>Barrierefreiheitserkl\u00e4rung f\u00fcr www.donnamia-zweibruecken.de<\/strong><\/p>\n\n\n\n<p>Das Donna Mia Zweibr\u00fccken ist bem\u00fcht, die Website im Einklang mit den Vorgaben der Barrierefreie-Informationstechnik-Verordnung (BITV 2.0) und des Behindertengleichstellungsgesetzes (BGG) barrierefrei zug\u00e4nglich zu machen.<\/p>\n\n\n\n<p>Diese Erkl\u00e4rung zur Barrierefreiheit gilt f\u00fcr die Website:<\/p>\n\n\n\n<p><a href=\"http:\/\/www.donnamia-zweibruecken.de\">www.donnamia-zweibruecken.de<\/a><\/p>\n\n\n\n<p><strong>Stand der Vereinbarkeit mit den Anforderungen<\/strong><\/p>\n\n\n\n<p>Diese Website ist derzeit teilweise mit den Anforderungen der BITV 2.0 vereinbar. Es bestehen noch Barrieren, an deren Beseitigung wir kontinuierlich arbeiten.<\/p>\n\n\n\n<p><strong>Ma\u00dfnahmen zur Verbesserung der Barrierefreiheit<\/strong><\/p>\n\n\n\n<p>Bereits umgesetzt oder in Arbeit:<\/p>\n\n\n\n<p>&nbsp;&nbsp;&nbsp; Speisekarte: Die online bereitgestellte Speisekarte ist barrierefrei aufgebaut und kann problemlos von Screenreadern ausgelesen werden.<\/p>\n\n\n\n<p>&nbsp;&nbsp;&nbsp; Kontrastanpassung und Vergr\u00f6\u00dferung: Durch das integrierte Accessibility Widget des Consentmanagers k\u00f6nnen Nutzer Kontraste anpassen, Inhalte vergr\u00f6\u00dfern und die Darstellung der Seite individuell nach ihren Bed\u00fcrfnissen gestalten.<\/p>\n\n\n\n<p>&nbsp;&nbsp;&nbsp; Alt-Texte: Derzeit sind f\u00fcr Bilder und Symbole noch keine Alt-Texte hinterlegt. Wir sind uns dieser L\u00fccke bewusst und arbeiten daran, diese Inhalte schrittweise zu erg\u00e4nzen. Aufgrund personeller Kapazit\u00e4ten kann die vollst\u00e4ndige Umsetzung bis zum gesetzlich vorgeschriebenen Stichtag 28. Juni 2025 allerdings nur eingeschr\u00e4nkt erfolgen.<\/p>\n\n\n\n<p><strong>Derzeit bekannte Barrieren<\/strong><\/p>\n\n\n\n<p>Trotz bestehender Ma\u00dfnahmen bestehen derzeit folgende Barrieren:<\/p>\n\n\n\n<p>&nbsp;&nbsp;&nbsp; Kontaktformular: Das Kontaktformular erf\u00fcllt aktuell nicht alle Anforderungen an barrierefreies Markup (z.\u202fB. fehlende Beschriftungen f\u00fcr Eingabefelder). Eine \u00dcberarbeitung ist in Planung.<\/p>\n\n\n\n<p>&nbsp;&nbsp;&nbsp; Navigation und Styling: Im Navigationsmen\u00fc wird derzeit nicht angezeigt, auf welcher Seite sich der Nutzer befindet, was die Orientierung erschwert. Auch andere Styling-Aspekte wie visuelle R\u00fcckmeldungen oder Fokusanzeigen entsprechen noch nicht vollst\u00e4ndig den Barrierefreiheitsstandards.<\/p>\n\n\n\n<p>&nbsp;&nbsp;&nbsp; Bildbeschreibungen (Alt-Texte): Wie bereits erw\u00e4hnt, fehlen aktuell Alt-Texte f\u00fcr Bilder und Icons.<\/p>\n\n\n\n<p><strong>Drittanbieter-Inhalte<\/strong><\/p>\n\n\n\n<p>Auf www.donnamia-zweibruecken.de ist derzeit OpenTable als externer Anbieter zur Online-Tischreservierung eingebunden.<\/p>\n\n\n\n<p>&nbsp;&nbsp;&nbsp; OpenTable hat uns gegen\u00fcber best\u00e4tigt, bis zum Stichtag am 28. Juni 2025 eine barrierefreie Nutzeroberfl\u00e4che zur Verf\u00fcgung zu stellen, die den gesetzlichen Anforderungen entspricht.<\/p>\n\n\n\n<p><strong>PDFs und andere Dokumente<\/strong><\/p>\n\n\n\n<p>Auf unserer Website sind derzeit keine PDF-Dokumente eingebunden. Sollte sich dies k\u00fcnftig \u00e4ndern, achten wir darauf, diese so weit wie m\u00f6glich barrierefrei zu gestalten oder alternativ HTML-Inhalte anzubieten.<\/p>\n\n\n\n<p><strong>Feedback und Kontakt<\/strong><\/p>\n\n\n\n<p>Sie sind auf eine Barriere gesto\u00dfen oder m\u00f6chten Hinweise zur Verbesserung der Barrierefreiheit geben? Dann freuen wir uns \u00fcber Ihre R\u00fcckmeldung. Bitte kontaktieren Sie uns:<\/p>\n\n\n\n<p>Donna Mia Zweibr\u00fccken<\/p>\n\n\n\n<p>Londoner-Bogen 10-90, 66482 Zweibr\u00fccken<\/p>\n\n\n\n<p>E-Mail: info@donnamia-zweibruecken.de<\/p>\n\n\n\n<p>Telefon: +49(0)6332-481137<\/p>\n\n\n\n<p><strong>Durchsetzungsverfahren<\/strong><\/p>\n\n\n\n<p>Durchsetzungsverfahren und den M\u00f6glichkeiten der Antragstellung erhalten Sie auf der Website des Ministeriums f\u00fcr Soziales, Arbeit, Gesundheit und Demografie unter https:\/\/inklusion.rlp.de\/de\/landesbeauftragter-landesteilhabebeirat\/durchsetzungsstelle\/.<\/p>\n\n\n\n<p>Bauhofstra\u00dfe 9<br>55116 Mainz<br>Tel.: 06131 16 5342<br>E-Mail: <a href=\"mailto:durchsetzungsstelle@msagd.rlp.de\">durchsetzungsstelle@msagd.rlp.de<\/a><br>Web: inklusion.rlp.de<\/p>\n\n\n\n<p>Schlichtungsstelle zum Behindertengleichstellungsgesetz bei dem Beauftragten der Bundesregierung f\u00fcr die Belange von Menschen mit Behinderungen<\/p>\n\n\n\n<p>Mauerstrasse 53<br>10117 Berlin<br>Tel.: 030 221 911 006<br>Fax: 030 18 527 1871<br>E-Mail: <a href=\"mailto:info@schlichtungsstelle-bgg.de\">info@schlichtungsstelle-bgg.de<\/a><br>Web: schlichtungsstelle-bgg.de<\/p>\n\n\n\n<p><strong>Stand der Erkl\u00e4rung<\/strong><\/p>\n\n\n\n<p>Diese Erkl\u00e4rung wurde am 16. Juni 2025 erstellt und zuletzt aktualisiert am 16. Juni 2025.<\/p>\n\n\n\n<p>Die Einsch\u00e4tzung der Barrierefreiheit basiert auf einer internen Selbstbewertung.<\/p>\n","protected":false},"excerpt":{"rendered":"<p>Barrierefreiheitserkl\u00e4rung f\u00fcr www.donnamia-zweibruecken.de Das Donna Mia Zweibr\u00fccken ist bem\u00fcht, die Website im Einklang mit den Vorgaben der Barrierefreie-Informationstechnik-Verordnung (BITV 2.0) und des Behindertengleichstellungsgesetzes (BGG) barrierefrei zug\u00e4nglich zu machen. Diese Erkl\u00e4rung zur Barrierefreiheit gilt f\u00fcr die Website: www.donnamia-zweibruecken.de Stand der Vereinbarkeit mit den Anforderungen Diese Website ist derzeit teilweise mit den Anforderungen der BITV 2.0 vereinbar. [&hellip;]<\/p>\n","protected":false},"author":4,"featured_media":0,"parent":0,"menu_order":0,"comment_status":"closed","ping_status":"closed","template":"","meta":{"footnotes":"","_links_to":"","_links_to_target":""},"_links":{"self":[{"href":"https:\/\/donnamia-zweibruecken.de\/index.php\/wp-json\/wp\/v2\/pages\/1114"}],"collection":[{"href":"https:\/\/donnamia-zweibruecken.de\/index.php\/wp-json\/wp\/v2\/pages"}],"about":[{"href":"https:\/\/donnamia-zweibruecken.de\/index.php\/wp-json\/wp\/v2\/types\/page"}],"author":[{"embeddable":true,"href":"https:\/\/donnamia-zweibruecken.de\/index.php\/wp-json\/wp\/v2\/users\/4"}],"replies":[{"embeddable":true,"href":"https:\/\/donnamia-zweibruecken.de\/index.php\/wp-json\/wp\/v2\/comments?post=1114"}],"version-history":[{"count":2,"href":"https:\/\/donnamia-zweibruecken.de\/index.php\/wp-json\/wp\/v2\/pages\/1114\/revisions"}],"predecessor-version":[{"id":1119,"href":"https:\/\/donnamia-zweibruecken.de\/index.php\/wp-json\/wp\/v2\/pages\/1114\/revisions\/1119"}],"wp:attachment":[{"href":"https:\/\/donnamia-zweibruecken.de\/index.php\/wp-json\/wp\/v2\/media?parent=1114"}],"curies":[{"name":"wp","href":"https:\/\/api.w.org\/{rel}","templated":true}]}}