{"id":10,"date":"2019-06-19T10:38:01","date_gmt":"2019-06-19T10:38:01","guid":{"rendered":"http:\/\/localhost\/foxeresto\/?page_id=8"},"modified":"2025-09-01T09:13:38","modified_gmt":"2025-09-01T09:13:38","slug":"home","status":"publish","type":"page","link":"https:\/\/donnamia-zweibruecken.de\/","title":{"rendered":"Home"},"content":{"rendered":"<section class=\"wpb-content-wrapper\">[vc_row row_type=&#8221;main-section&#8221;][vc_column][wr_vc_slider title=&#8221;Willkommen im Donna Mia Zweibr\u00fccken&#8221; title2=&#8221;pizza&#8221; title3=&#8221;pasta&#8221; title4=&#8221;grill&#8221;][wr_vc_slide image=&#8221;1084&#8243;][wr_vc_slide image=&#8221;612&#8243;][wr_vc_slide image=&#8221;601&#8243;][\/wr_vc_slider][\/vc_column][\/vc_row][vc_row][vc_column]<div class=\"sec-divider \"><div class=\"dividerOT mt-3 pt-3 mb-3 pb-3\" style=\"\"><\/div><\/div>[vc_single_image image=&#8221;738&#8243; img_size=&#8221;large&#8221; alignment=&#8221;center&#8221;][vc_column_text]\n<h4 style=\"text-align: center;\"><em>&#8220;Ein Lebensgef\u00fchl mit frischen Produkten, lockerem Ambiente &amp; famili\u00e4rem Service.&#8221;<\/em><\/h4>\n[\/vc_column_text]<div class=\"sec-divider \"><div class=\"dividerOT mt-3 pt-3 mb-3 pb-3\" style=\"\"><\/div><\/div>[\/vc_column][\/vc_row][vc_row][vc_column][vc_empty_space height=&#8221;64px&#8221;][\/vc_column][\/vc_row][vc_row][vc_column width=&#8221;1\/3&#8243;]<div class=\"sec-service text-center  mb-5 mb-lg-0\" style=\"\"><div class=\"card border-0\"><div class=\"card-body p-0\"><div class=\"icon-bg icon-bg w-40 mx-auto\"><div class=\"icon-bg-inner ne\"><\/div><\/div><div><h4 class=\"h6 mb-2\" style=\"\">TRADITIONELL &amp; MODERN<\/h4><p class=\"mb-0\" style=\"margin:15px;padding:15px 15px 15px 15px;\">Zwei Anspr\u00fcche, denen die Planung des Donna Mia Stores gerecht wird. Ein individuelles Ambiente mit nat\u00fcrlichen Materialien, zusammen mit einer intelligenten, unauff\u00e4lligen Logistik empfangen dich mit einer gem\u00fctlichen Gastlichkeit und einem authentischen italienischen Flair.<\/p><\/div><\/div><\/div><\/div>[\/vc_column][vc_column width=&#8221;1\/3&#8243;]<div class=\"sec-service text-center  mb-5 mb-lg-0\" style=\"\"><div class=\"card border-0\"><div class=\"card-body p-0\"><div class=\"icon-bg icon-bg w-40 mx-auto\"><div class=\"icon-bg-inner ne\"><\/div><\/div><div><h4 class=\"h6 mb-2\" style=\"\">FRISCH &amp; RAFFINIERT<\/h4><p class=\"mb-0\" style=\"padding:20px 20px 20px 20px;\">Donna Mia steht f\u00fcr frische, ausgew\u00e4hlte Zutaten. Top-Produkte machen unsere Pizzen, Pasta &amp; Co. zu dem, was sie sind: leichte, raffinierte Gerichte, nach \u00fcber Generationen perfektionierten Rezepten.<\/p><\/div><\/div><\/div><\/div>[\/vc_column][vc_column width=&#8221;1\/3&#8243;]<div class=\"sec-service text-center  mb-5 mb-lg-0\" style=\"\"><div class=\"card border-0\"><div class=\"card-body p-0\"><div class=\"icon-bg icon-bg w-40 mx-auto\"><div class=\"icon-bg-inner ne\"><\/div><\/div><div><h4 class=\"h6 mb-2\" style=\"\">FREUNDE &amp; FAMILIE<\/h4><p class=\"mb-0\" style=\"padding:20px 20px 20px 20px;\">Das italienische Gastro-Konzept mit dem Lebensgef\u00fchl des 'Dolce Vita'. Ob im Alltag, im \u00f6ffentlichen Leben oder in der italienischen K\u00fcche, stets wird die Freude am Tun begleitet von Gelassenheit und Genuss. Erlebe Donna Mia mit Freunden und Familie.<\/p><\/div><\/div><\/div><\/div>[\/vc_column][\/vc_row][vc_row][vc_column][vc_empty_space height=&#8221;64px&#8221;][\/vc_column][\/vc_row][vc_row row_type=&#8221;main-section&#8221; wr_section_layout=&#8221;section_grid&#8221; wr_default_pad=&#8221;spacer-lg&#8221; wr_section_id=&#8221;reservation&#8221; wr_background_img=&#8221;253&#8243;][vc_column el_class=&#8221;bg-secondary custom-h-100&#8243;][vc_row_inner][vc_column_inner el_class=&#8221;bg-white p-5 p-sm-5&#8243; width=&#8221;8\/12&#8243; css=&#8221;.vc_custom_1589969021799{background-color: #ffffff !important;}&#8221;]<div class=\"sec-title   mb-5 pb-5\" style=\"\"><div class=\"text-left\"><h1 class=\"h2 font-alt\" style=\"\">Jetzt deinen Tisch reservieren<\/h1><p class=\"w-md-75 mb-0 lead\" style=\"\">Alternativ kannst du auch telefonisch reservieren unter +49(0)6332-481137 - wir freuen uns auf dich!<\/p><\/div><\/div>[vc_column_text]\n<p style=\"text-align: center;\"><script type='text\/javascript' src='\/\/www.opentable.de\/widget\/reservation\/loader?rid=225555&#038;type=standard&#038;theme=standard&#038;color=1&#038;dark=false&#038;iframe=true&#038;domain=de&#038;lang=de-DE&#038;newtab=false&#038;ot_source=Restaurant%20website&#038;cfe=true'><\/script><\/p>\n[\/vc_column_text][\/vc_column_inner][vc_column_inner width=&#8221;4\/12&#8243;][\/vc_column_inner][\/vc_row_inner][\/vc_column][\/vc_row][vc_row][vc_column][vc_empty_space height=&#8221;64px&#8221;][\/vc_column][\/vc_row][vc_row row_type=&#8221;main-section&#8221; wr_section_layout=&#8221;section_grid&#8221; wr_default_pad=&#8221;spacer-double-lg&#8221; wr_row_layout_center=&#8221;no-gutters text-center shadow-lg&#8221; wr_padding_top=&#8221;0px&#8221;][vc_column][vc_row_inner][vc_column_inner width=&#8221;1\/2&#8243;]<div class=\"sec-menu-special  \" style=\"\"><div class=\"special position-relative w-100 bg-white\"><div class=\"row  no-gutters align-items-center\"><div class=\"col-12 col-md-6 d-flex\"><div class=\"special-inner position-relative w-100\"><h3 class=\"h5 font-weight-700 letter-spacing-small\" style=\"\">TERRASSE<\/h3><p style=\"\">G\u00f6nne dir eine erholsame Shoppingpause und genie\u00dfe die Sonne auf unserer wundersch\u00f6nen Terrasse mit Blick \u00fcber die neu gestaltete Piazza.<\/p><a class=\"font-size-11-5 text-uppercase font-weight-700 letter-spacing-medium\" href=\"https:\/\/donnamia-zweibruecken.de\/index.php\/kontakt\/\" style=\"color:#fccc7d;\" >Kontakt<\/a><\/div><\/div><div class=\"col-12 col-md-6 align-self-md-stretch d-flex\"><figure class=\"special-media\"><img src=\"https:\/\/donnamia-zweibruecken.de\/wp-content\/uploads\/2020\/05\/glas.jpg\" alt=\"\" \/><\/figure><\/div><\/div><\/div><\/div>[\/vc_column_inner][vc_column_inner width=&#8221;1\/2&#8243;]<div class=\"sec-menu-special  \" style=\"\"><div class=\"special position-relative w-100 bg-white\"><div class=\"row  no-gutters align-items-center\"><div class=\"col-12 col-md-6 d-flex\"><div class=\"special-inner position-relative w-100\"><h3 class=\"h5 font-weight-700 letter-spacing-small\" style=\"\">AMBIENTE<\/h3><p style=\"\">Das Donna Mia Zweibr\u00fccken bietet dir die 'Dolce Vita' und unser Donna Mia Lebensgef\u00fchl mit echter italienischer Tradition - von der Einrichtung bis zum Essen.<\/p><a class=\"font-size-11-5 text-uppercase font-weight-700 letter-spacing-medium\" href=\"https:\/\/donnamia-zweibruecken.de\/index.php\/speisekarte\" style=\"color:#fccc7d;\" >Speisekarte<\/a><\/div><\/div><div class=\"col-12 col-md-6 align-self-md-stretch d-flex\"><figure class=\"special-media\"><img src=\"https:\/\/donnamia-zweibruecken.de\/wp-content\/uploads\/2020\/05\/IMG_5837-scaled-1.jpg\" alt=\"\" \/><\/figure><\/div><\/div><\/div><\/div>[\/vc_column_inner][\/vc_row_inner][vc_row_inner][vc_column_inner width=&#8221;1\/2&#8243;]<div class=\"sec-menu-special  \" style=\"\"><div class=\"special position-relative w-100 bg-white\"><div class=\"row flex-md-row-reverse no-gutters align-items-center\"><div class=\"col-12 col-md-6 d-flex\"><div class=\"special-inner position-relative w-100\"><h3 class=\"h5 font-weight-700 letter-spacing-small\" style=\"\">FEIERN<\/h3><p style=\"\">Du planst ein Event? Unsere unterschiedlichen Restaurantr\u00e4ume sowie die Terrasse bieten Platz f\u00fcr dein ganz privates Donna Mia, rund um Essen, Trinken und Feiern.<\/p><a class=\"font-size-11-5 text-uppercase font-weight-700 letter-spacing-medium\" href=\"https:\/\/donnamia-zweibruecken.de\/index.php\/feiern\/\" style=\"color:#fccc7d;\" >Impressionen<\/a><\/div><\/div><div class=\"col-12 col-md-6 align-self-md-stretch d-flex\"><figure class=\"special-media\"><img src=\"https:\/\/donnamia-zweibruecken.de\/wp-content\/uploads\/2019\/08\/9.jpg\" alt=\"\" \/><\/figure><\/div><\/div><\/div><\/div>[\/vc_column_inner][vc_column_inner width=&#8221;1\/2&#8243;]<div class=\"sec-menu-special  \" style=\"\"><div class=\"special position-relative w-100 bg-white\"><div class=\"row flex-md-row-reverse no-gutters align-items-center\"><div class=\"col-12 col-md-6 d-flex\"><div class=\"special-inner position-relative w-100\"><h3 class=\"h5 font-weight-700 letter-spacing-small\" style=\"\">GUTSCHEINE<\/h3><p style=\"\">Du m\u00f6chtest Momente zum Erinnern und gemeinsam Erleben verschenken? Dann kaufe einen Donna Mia Gutschein und genie\u00dfe italienische Spezialit\u00e4ten im Wohlf\u00fchlambiente.<\/p><a class=\"font-size-11-5 text-uppercase font-weight-700 letter-spacing-medium\" href=\"https:\/\/donnamia-zweibruecken.de\/index.php\/kontakt\/\" style=\"color:#fccc7d;\" >Kontakt<\/a><\/div><\/div><div class=\"col-12 col-md-6 align-self-md-stretch d-flex\"><figure class=\"special-media\"><img src=\"https:\/\/donnamia-zweibruecken.de\/wp-content\/uploads\/2020\/05\/IMG_6005-scaled-1.jpg\" alt=\"\" \/><\/figure><\/div><\/div><\/div><\/div>[\/vc_column_inner][\/vc_row_inner][\/vc_column][\/vc_row][vc_row][vc_column][\/vc_column][\/vc_row]\n<\/section>","protected":false},"excerpt":{"rendered":"<p>[vc_row row_type=&#8221;main-section&#8221;][vc_column][wr_vc_slider title=&#8221;Willkommen im Donna Mia Zweibr\u00fccken&#8221; title2=&#8221;pizza&#8221; title3=&#8221;pasta&#8221; title4=&#8221;grill&#8221;][wr_vc_slide image=&#8221;1084&#8243;][wr_vc_slide image=&#8221;612&#8243;][wr_vc_slide image=&#8221;601&#8243;][\/wr_vc_slider][\/vc_column][\/vc_row][vc_row][vc_column][vc_single_image image=&#8221;738&#8243; img_size=&#8221;large&#8221; alignment=&#8221;center&#8221;][vc_column_text] &#8220;Ein Lebensgef\u00fchl mit frischen Produkten, lockerem Ambiente &amp; famili\u00e4rem Service.&#8221; [\/vc_column_text][\/vc_column][\/vc_row][vc_row][vc_column][vc_empty_space height=&#8221;64px&#8221;][\/vc_column][\/vc_row][vc_row][vc_column width=&#8221;1\/3&#8243;][\/vc_column][vc_column width=&#8221;1\/3&#8243;][\/vc_column][vc_column width=&#8221;1\/3&#8243;][\/vc_column][\/vc_row][vc_row][vc_column][vc_empty_space height=&#8221;64px&#8221;][\/vc_column][\/vc_row][vc_row row_type=&#8221;main-section&#8221; wr_section_layout=&#8221;section_grid&#8221; wr_default_pad=&#8221;spacer-lg&#8221; wr_section_id=&#8221;reservation&#8221; wr_background_img=&#8221;253&#8243;][vc_column el_class=&#8221;bg-secondary custom-h-100&#8243;][vc_row_inner][vc_column_inner el_class=&#8221;bg-white p-5 p-sm-5&#8243; width=&#8221;8\/12&#8243; css=&#8221;.vc_custom_1589969021799{background-color: #ffffff !important;}&#8221;][vc_column_text] [\/vc_column_text][\/vc_column_inner][vc_column_inner width=&#8221;4\/12&#8243;][\/vc_column_inner][\/vc_row_inner][\/vc_column][\/vc_row][vc_row][vc_column][vc_empty_space height=&#8221;64px&#8221;][\/vc_column][\/vc_row][vc_row row_type=&#8221;main-section&#8221; wr_section_layout=&#8221;section_grid&#8221; wr_default_pad=&#8221;spacer-double-lg&#8221; wr_row_layout_center=&#8221;no-gutters text-center shadow-lg&#8221; [&hellip;]<\/p>\n","protected":false},"author":3,"featured_media":0,"parent":0,"menu_order":0,"comment_status":"closed","ping_status":"closed","template":"","meta":{"footnotes":"","_links_to":"","_links_to_target":""},"_links":{"self":[{"href":"https:\/\/donnamia-zweibruecken.de\/index.php\/wp-json\/wp\/v2\/pages\/10"}],"collection":[{"href":"https:\/\/donnamia-zweibruecken.de\/index.php\/wp-json\/wp\/v2\/pages"}],"about":[{"href":"https:\/\/donnamia-zweibruecken.de\/index.php\/wp-json\/wp\/v2\/types\/page"}],"author":[{"embeddable":true,"href":"https:\/\/donnamia-zweibruecken.de\/index.php\/wp-json\/wp\/v2\/users\/3"}],"replies":[{"embeddable":true,"href":"https:\/\/donnamia-zweibruecken.de\/index.php\/wp-json\/wp\/v2\/comments?post=10"}],"version-history":[{"count":72,"href":"https:\/\/donnamia-zweibruecken.de\/index.php\/wp-json\/wp\/v2\/pages\/10\/revisions"}],"predecessor-version":[{"id":1122,"href":"https:\/\/donnamia-zweibruecken.de\/index.php\/wp-json\/wp\/v2\/pages\/10\/revisions\/1122"}],"wp:attachment":[{"href":"https:\/\/donnamia-zweibruecken.de\/index.php\/wp-json\/wp\/v2\/media?parent=10"}],"curies":[{"name":"wp","href":"https:\/\/api.w.org\/{rel}","templated":true}]}}